{"id":67,"date":"2025-03-12T12:32:55","date_gmt":"2025-03-12T11:32:55","guid":{"rendered":"http:\/\/193.194.89.189\/lcdep\/?page_id=67"},"modified":"2025-04-10T12:13:53","modified_gmt":"2025-04-10T10:13:53","slug":"les-theses","status":"publish","type":"page","link":"https:\/\/lcdep.usthb.dz\/index.php\/les-theses\/","title":{"rendered":"Th\u00e8ses"},"content":{"rendered":"\n<ol class=\"wp-block-list\">\n<li><a href=\"http:\/\/repository.enp.edu.dz\/jspui\/bitstream\/123456789\/601\/1\/BOUDJIT.Kamel.pdf\" target=\"_blank\" rel=\"noreferrer noopener\">Contribution \u00e0 l&rsquo;\u00e9tude des commandes multi-moteurs en temps r\u00e9el. ENP 2019<\/a><\/li>\n\n\n\n<li><a href=\"https:\/\/ent.usthb.dz\/Dashboard_Scol\"><a href=\"http:\/\/catalogue.bu.usthb.dz\/Cataloguebuusthb\/Partage\/TH10661.pdf\" target=\"_blank\" rel=\"noreferrer noopener\">Applications des champs proches \u00e9lectromagn\u00e9tiques pour la caract\u00e9risation des mat\u00e9riaux. USTHB 2024<\/a><\/a><\/li>\n\n\n\n<li><a href=\"http:\/\/catalogue.bu.usthb.dz\/Cataloguebuusthb\/Partage\/TH9947.pdf\" target=\"_blank\" rel=\"noreferrer noopener\">Application des m\u00e9tamat\u00e9riaux dans la conception des circuits micro-ondes. USTHB 2021<\/a><\/li>\n\n\n\n<li><a href=\"http:\/\/catalogue.bu.usthb.dz\/Cataloguebuusthb\/Partage\/TH9504.pdf\" target=\"_blank\" rel=\"noreferrer noopener\">Caract\u00e9risation des huiles isolantes par des techniques micro-ondes : Application au vieillissement. USTHB 2020<\/a><\/li>\n\n\n\n<li><a href=\"http:\/\/catalogue.bu.usthb.dz\/Cataloguebuusthb\/Partage\/TH9002.pdf\" target=\"_blank\" rel=\"noreferrer noopener\">Etude des d\u00e9charges \u00e9lectriques dans les huiles isolantes v\u00e9g\u00e9tales. USTHB 2018<\/a><\/li>\n\n\n\n<li><a href=\"http:\/\/catalogue.bu.usthb.dz\/Cataloguebuusthb\/Partage\/TH8328.pdf\" target=\"_blank\" rel=\"noreferrer noopener\">Etude de la probl\u00e9matique des m\u00e9langes d&rsquo;huiles des transformateurs de puissance par l&rsquo;analyse des propri\u00e9t\u00e9s physicochimiques et \u00e9lectriques. USTHB 2016<\/a><\/li>\n\n\n\n<li><a href=\"http:\/\/catalogue.bu.usthb.dz\/Cataloguebuusthb\/Partage\/TH8770.pdf\" target=\"_blank\" rel=\"noreferrer noopener\">Etude de l&rsquo;influence des perturbations \u00e9lectromagn\u00e9tiques externes sur les \u00e9quipements \u00e0 champs forts. USTHB 2017<\/a><\/li>\n\n\n\n<li><a href=\"http:\/\/catalogue.bu.usthb.dz\/Cataloguebuusthb\/Partage\/TH9804.pdf\" target=\"_blank\" rel=\"noreferrer noopener\">Etude de l\u2019aspect physico-chimique li\u00e9 \u00e0 l\u2019application des d\u00e9charges \u00e9lectriques dans les isolants liquides. USTHB 2020<\/a><\/li>\n\n\n\n<li><a href=\"http:\/\/catalogue.bu.usthb.dz\/Cataloguebuusthb\/Partage\/TH9996.pdf\" target=\"_blank\" rel=\"noreferrer noopener\">Etude et conception de convertisseur r\u00e9sonnant de topologie parall\u00e8le avec adaptation d\u2019imp\u00e9dance pour le traitement thermique des m\u00e9taux. USTHB 2022<\/a><\/li>\n\n\n\n<li><a href=\"http:\/\/catalogue.bu.usthb.dz\/Cataloguebuusthb\/Partage\/TH10007.pdf\" target=\"_blank\" rel=\"noreferrer noopener\">Etude et analyse des convertisseurs de plusieurs topologies \u00e0 haute fr\u00e9quence pour le traitement thermique des m\u00e9taux. USTHB 2022<\/a><\/li>\n\n\n\n<li><a href=\"http:\/\/repository.enp.edu.dz\/jspui\/bitstream\/123456789\/2165\/1\/MOULAI.Hocine.pdf\" target=\"_blank\" rel=\"noreferrer noopener\">Etude des courants de pr\u00e9claquage dans les di\u00e9lectriques liquides. ENP 2001<\/a><\/li>\n\n\n\n<li><a href=\"http:\/\/repository.enp.edu.dz\/jspui\/bitstream\/123456789\/631\/1\/IMARAZENE.Khoukha.pdf\" target=\"_blank\" rel=\"noreferrer noopener\">Etude de la commande par \u00e9limination d&rsquo;harmoniques des onduleurs multiniveaux avec \u00e9quilibrage des tensions du bus continu. ENP 2011<\/a><\/li>\n\n\n\n<li><a href=\"http:\/\/catalogue.bu.usthb.dz\/Cataloguebuusthb\/Partage\/TH6337.pdf\" target=\"_blank\" rel=\"noreferrer noopener\">Caract\u00e9risation des mat\u00e9riaux di\u00e9lectriques application \u00e0 l&rsquo;huile min\u00e9rale de transformateur. USTHB 2009<\/a><\/li>\n\n\n\n<li><a href=\"http:\/\/catalogue.bu.usthb.dz\/Cataloguebuusthb\/Partage\/TH6343.pdf\" target=\"_blank\" rel=\"noreferrer noopener\">Etude de l&rsquo;arc \u00e9lectrique dans les appareils de coupure de haute et moyenne tension. USTHB 2009<\/a><\/li>\n\n\n\n<li><a href=\"http:\/\/catalogue.bu.usthb.dz\/Cataloguebuusthb\/Partage\/TH8333.pdf\" target=\"_blank\" rel=\"noreferrer noopener\">Etude des processus de d\u00e9charges \u00e9lectriques dans les di\u00e9lectriques liquides. USTHB 2015<\/a><\/li>\n\n\n\n<li><a href=\"http:\/\/catalogue.bu.usthb.dz\/Cataloguebuusthb\/Partage\/TH6371.pdf\" target=\"_blank\" rel=\"noreferrer noopener\">Etude des distances minimales d&rsquo;approche pour travaux sous tension dans les ouvrages \u00e0 haute tension. USTHB 2011<\/a><\/li>\n\n\n\n<li><a href=\"http:\/\/catalogue.bu.usthb.dz\/Cataloguebuusthb\/Partage\/TH8738.pdf\" target=\"_blank\" rel=\"noreferrer noopener\">Contribution au d\u00e9veloppement de nouveaux mod\u00e8les pour le diagnostic des syst\u00e8mes de puissance. USTHB 2017<\/a><\/li>\n\n\n\n<li><a href=\"http:\/\/catalogue.bu.usthb.dz\/Cataloguebuusthb\/Partage\/TH9066.pdf\" target=\"_blank\" rel=\"noreferrer noopener\">A l\u2019\u00e9tude de l\u2019influence des strat\u00e9gies de commande sur les performances des machines \u00e0 courant continu sans collecteur pour des applications de syst\u00e8mes embarqu\u00e9s. USTHB 2018<\/a><\/li>\n\n\n\n<li><a href=\"http:\/\/catalogue.bu.usthb.dz\/Cataloguebuusthb\/Partage\/TH4666.pdf\" target=\"_blank\" rel=\"noreferrer noopener\">Mod\u00e9lisation des dispositifs planaires micro-ondes anisotropes application aux structures multicouches. USTHB 2007<\/a><\/li>\n\n\n\n<li><a href=\"http:\/\/repository.enp.edu.dz\/jspui\/bitstream\/123456789\/516\/1\/BERBAR.Tarik-Bouziane.pdf\" target=\"_blank\" rel=\"noreferrer noopener\">M\u00e9thode des lignes \u00e9l\u00e9mentaires coupl\u00e9es finies appliqu\u00e9e aux antennes microrubans stratifi\u00e9es. ENP 2006<\/a><\/li>\n\n\n\n<li><a href=\"http:\/\/catalogue.bu.usthb.dz\/Cataloguebuusthb\/Partage\/TH10193.pdf\" target=\"_blank\" rel=\"noreferrer noopener\">Contribution \u00e0 l\u2019am\u00e9lioration des performances de l\u2019antenne plaque microruban avec des substrats artificiels \u00e9lectromagn\u00e9tiques. USTHB 2022<\/a>&nbsp;<\/li>\n\n\n\n<li><a href=\"http:\/\/catalogue.bu.usthb.dz\/Cataloguebuusthb\/Partage\/TH10447.pdf\" target=\"_blank\" rel=\"noreferrer noopener\">Contribution des convertisseurs multi-niveaux dans les syst\u00e8mes photovolta\u00efques, USTHB 2023<\/a><\/li>\n\n\n\n<li><a href=\"http:\/\/catalogue.bu.usthb.dz\/Cataloguebuusthb\/Partage\/TH10507.pdf\" target=\"_blank\" rel=\"noreferrer noopener\">Contribution \u00e0 la supervision des r\u00e9seaux de capteurs intelligents sans fils, USTHB 2024<\/a><\/li>\n\n\n\n<li>Commandes avanc\u00e9es d\u2019une machine \u00e0 double alimentation par convertisseurs multiniveaux. Application \u00e0 l\u2019\u00e9nergie \u00e9olienne. USTHB 2023&nbsp;<\/li>\n<\/ol>\n","protected":false},"excerpt":{"rendered":"","protected":false},"author":1,"featured_media":0,"parent":0,"menu_order":0,"comment_status":"closed","ping_status":"closed","template":"","meta":{"footnotes":""},"class_list":["post-67","page","type-page","status-publish","hentry"],"_links":{"self":[{"href":"https:\/\/lcdep.usthb.dz\/index.php\/wp-json\/wp\/v2\/pages\/67","targetHints":{"allow":["GET"]}}],"collection":[{"href":"https:\/\/lcdep.usthb.dz\/index.php\/wp-json\/wp\/v2\/pages"}],"about":[{"href":"https:\/\/lcdep.usthb.dz\/index.php\/wp-json\/wp\/v2\/types\/page"}],"author":[{"embeddable":true,"href":"https:\/\/lcdep.usthb.dz\/index.php\/wp-json\/wp\/v2\/users\/1"}],"replies":[{"embeddable":true,"href":"https:\/\/lcdep.usthb.dz\/index.php\/wp-json\/wp\/v2\/comments?post=67"}],"version-history":[{"count":5,"href":"https:\/\/lcdep.usthb.dz\/index.php\/wp-json\/wp\/v2\/pages\/67\/revisions"}],"predecessor-version":[{"id":110,"href":"https:\/\/lcdep.usthb.dz\/index.php\/wp-json\/wp\/v2\/pages\/67\/revisions\/110"}],"wp:attachment":[{"href":"https:\/\/lcdep.usthb.dz\/index.php\/wp-json\/wp\/v2\/media?parent=67"}],"curies":[{"name":"wp","href":"https:\/\/api.w.org\/{rel}","templated":true}]}}