{"id":44,"date":"2025-02-26T14:45:37","date_gmt":"2025-02-26T13:45:37","guid":{"rendered":"http:\/\/193.194.89.189\/lcdep\/?page_id=44"},"modified":"2025-04-08T14:41:40","modified_gmt":"2025-04-08T12:41:40","slug":"equipe-dsi-diagnostic-des-systemes-a-induction","status":"publish","type":"page","link":"https:\/\/lcdep.usthb.dz\/index.php\/equipe-dsi-diagnostic-des-systemes-a-induction\/","title":{"rendered":"\u00a0Equipe DSI. Diagnostic des Syst\u00e8mes \u00e0 Induction"},"content":{"rendered":"\n<h1 class=\"wp-block-heading\" id=\"h.wvf5veo77drl_l\">Objectifs<\/h1>\n\n\n\n<p>Les activit\u00e9s de recherche de l&rsquo;\u00e9quipe DSI ont pour objectif de contribuer \u00e0 la mod\u00e9lisation et \u00e0 l\u2019optimisation des syst\u00e8mes d\u2019entra\u00eenement \u00e9lectriques \u00e0 courant alternatif et aussi des syst\u00e8mes exploitant le chauffage par induction \u00e9lectromagn\u00e9tique.&nbsp;<\/p>\n\n\n\n<p>Le diagnostic des machines \u00e0 induction magn\u00e9tique ou \u00e9lectrique est un instrument efficace qui peut contribuer&nbsp; \u00e0 accro\u00eetre l\u2019efficacit\u00e9 \u00e9nerg\u00e9tique ou pour optimiser et am\u00e9liorer les syst\u00e8mes d\u2019entra\u00eenements \u00e0 vitesse variable par machines \u00e9lectriques dont s\u2019\u00e9quipent les industries de plus en plus.<\/p>\n\n\n\n<p>Les performances sans cesse croissantes en mati\u00e8re de traitement de signal (digital signal processing) ont permis d&rsquo;envisager des commandes num\u00e9riques de plus en plus complexes utilisant des circuits DSP travaillant en temps r\u00e9el . Nous voulons aboutir \u00e0 la conception de meilleures topologies de convertisseurs de courant pour les machines \u00e9lectriques et pour les proc\u00e9d\u00e9s de chauffage par induction.<\/p>\n\n\n\n<p>La technologie du chauffage par induction a connu un d\u00e9veloppement important durant des derni\u00e8res d\u00e9cennies pour des usages industriels et domestiques. Ses avantages sont surtout li\u00e9s \u00e0 la s\u00e9curit\u00e9, \u00e0 la propret\u00e9 et au rendement important.\u00a0<\/p>\n\n\n\n<h1 class=\"wp-block-heading\" id=\"h.e7m0mre5iv36_l\">Th\u00e9matiques<\/h1>\n\n\n\n<ul class=\"wp-block-list\">\n<li>D\u00e9veloppement des applications des syst\u00e8mes industriels \u00e0 induction<\/li>\n\n\n\n<li>M\u00e9thodologie de diagnostic de la machine tournante \u00e9lectrique<\/li>\n\n\n\n<li>Monitoring des d\u00e9fauts des convertisseurs statiques par des techniques d\u2019intelligence artificielle<\/li>\n\n\n\n<li>D\u00e9veloppement de convertisseurs d\u2019\u00e9nergie pour les syst\u00e8mes d\u2019entrainement \u00e9lectrique\u00a0<\/li>\n<\/ul>\n","protected":false},"excerpt":{"rendered":"<p>Objectifs Les activit\u00e9s de recherche de l&rsquo;\u00e9quipe DSI ont pour objectif de contribuer \u00e0 la mod\u00e9lisation et \u00e0 l\u2019optimisation des syst\u00e8mes d\u2019entra\u00eenement \u00e9lectriques \u00e0 courant alternatif et aussi des syst\u00e8mes exploitant le chauffage par induction \u00e9lectromagn\u00e9tique.&nbsp; Le diagnostic des machines <span class=\"readmore\"><a href=\"https:\/\/lcdep.usthb.dz\/index.php\/equipe-dsi-diagnostic-des-systemes-a-induction\/\">Continue Reading<\/a><\/span><\/p>\n","protected":false},"author":1,"featured_media":104,"parent":0,"menu_order":0,"comment_status":"closed","ping_status":"closed","template":"","meta":{"footnotes":""},"class_list":["post-44","page","type-page","status-publish","has-post-thumbnail","hentry"],"_links":{"self":[{"href":"https:\/\/lcdep.usthb.dz\/index.php\/wp-json\/wp\/v2\/pages\/44","targetHints":{"allow":["GET"]}}],"collection":[{"href":"https:\/\/lcdep.usthb.dz\/index.php\/wp-json\/wp\/v2\/pages"}],"about":[{"href":"https:\/\/lcdep.usthb.dz\/index.php\/wp-json\/wp\/v2\/types\/page"}],"author":[{"embeddable":true,"href":"https:\/\/lcdep.usthb.dz\/index.php\/wp-json\/wp\/v2\/users\/1"}],"replies":[{"embeddable":true,"href":"https:\/\/lcdep.usthb.dz\/index.php\/wp-json\/wp\/v2\/comments?post=44"}],"version-history":[{"count":3,"href":"https:\/\/lcdep.usthb.dz\/index.php\/wp-json\/wp\/v2\/pages\/44\/revisions"}],"predecessor-version":[{"id":62,"href":"https:\/\/lcdep.usthb.dz\/index.php\/wp-json\/wp\/v2\/pages\/44\/revisions\/62"}],"wp:featuredmedia":[{"embeddable":true,"href":"https:\/\/lcdep.usthb.dz\/index.php\/wp-json\/wp\/v2\/media\/104"}],"wp:attachment":[{"href":"https:\/\/lcdep.usthb.dz\/index.php\/wp-json\/wp\/v2\/media?parent=44"}],"curies":[{"name":"wp","href":"https:\/\/api.w.org\/{rel}","templated":true}]}}