{"id":14,"date":"2025-01-05T10:52:29","date_gmt":"2025-01-05T09:52:29","guid":{"rendered":"http:\/\/193.194.89.189\/lcdep\/?page_id=14"},"modified":"2025-02-26T13:01:09","modified_gmt":"2025-02-26T12:01:09","slug":"equipes-de-recherche","status":"publish","type":"page","link":"https:\/\/lcdep.usthb.dz\/index.php\/equipes-de-recherche\/","title":{"rendered":"Equipes de recherche"},"content":{"rendered":"\n<p>Equipe DPA : Disjoncteurs et Plasmas d&rsquo;Arcs<\/p>\n\n\n\n<p>\u00a0Equipe CMOD. Caract\u00e9risation des Mat\u00e9riaux et Optodiagnostic<\/p>\n\n\n\n<p>\u00a0Equipe PEHT. Ph\u00e9nom\u00e8nes \u00c9lectrostatiques et Haute Tension<\/p>\n\n\n\n<p>\u00a0Equipe PPE. Photodiagnostic des Ph\u00e9nom\u00e8nes Electromagn\u00e9tiques<\/p>\n\n\n\n<p>\u00a0Equipe DSI. Diagnostic des Syst\u00e8mes \u00e0 Induction<\/p>\n\n\n\n<p><\/p>\n","protected":false},"excerpt":{"rendered":"<p>Equipe DPA : Disjoncteurs et Plasmas d&rsquo;Arcs \u00a0Equipe CMOD. Caract\u00e9risation des Mat\u00e9riaux et Optodiagnostic \u00a0Equipe PEHT. Ph\u00e9nom\u00e8nes \u00c9lectrostatiques et Haute Tension \u00a0Equipe PPE. Photodiagnostic des Ph\u00e9nom\u00e8nes Electromagn\u00e9tiques \u00a0Equipe DSI. Diagnostic des Syst\u00e8mes \u00e0 Induction<\/p>\n","protected":false},"author":1,"featured_media":0,"parent":0,"menu_order":0,"comment_status":"closed","ping_status":"closed","template":"","meta":{"footnotes":""},"class_list":["post-14","page","type-page","status-publish","hentry"],"_links":{"self":[{"href":"https:\/\/lcdep.usthb.dz\/index.php\/wp-json\/wp\/v2\/pages\/14","targetHints":{"allow":["GET"]}}],"collection":[{"href":"https:\/\/lcdep.usthb.dz\/index.php\/wp-json\/wp\/v2\/pages"}],"about":[{"href":"https:\/\/lcdep.usthb.dz\/index.php\/wp-json\/wp\/v2\/types\/page"}],"author":[{"embeddable":true,"href":"https:\/\/lcdep.usthb.dz\/index.php\/wp-json\/wp\/v2\/users\/1"}],"replies":[{"embeddable":true,"href":"https:\/\/lcdep.usthb.dz\/index.php\/wp-json\/wp\/v2\/comments?post=14"}],"version-history":[{"count":6,"href":"https:\/\/lcdep.usthb.dz\/index.php\/wp-json\/wp\/v2\/pages\/14\/revisions"}],"predecessor-version":[{"id":32,"href":"https:\/\/lcdep.usthb.dz\/index.php\/wp-json\/wp\/v2\/pages\/14\/revisions\/32"}],"wp:attachment":[{"href":"https:\/\/lcdep.usthb.dz\/index.php\/wp-json\/wp\/v2\/media?parent=14"}],"curies":[{"name":"wp","href":"https:\/\/api.w.org\/{rel}","templated":true}]}}