{"id":12,"date":"2025-01-05T10:49:41","date_gmt":"2025-01-05T09:49:41","guid":{"rendered":"http:\/\/193.194.89.189\/lcdep\/?page_id=12"},"modified":"2025-02-26T12:51:38","modified_gmt":"2025-02-26T11:51:38","slug":"presentation","status":"publish","type":"page","link":"https:\/\/lcdep.usthb.dz\/index.php\/presentation\/","title":{"rendered":"Pr\u00e9sentation"},"content":{"rendered":"\n<p>Le laboratoire de Caract\u00e9risation et de Diagnostic des Equipements de Puissance a \u00e9t\u00e9 cr\u00e9e en Octobre 2018. Il est rattach\u00e9 \u00e0 l&rsquo;Universit\u00e9 des Sciences et de la Technologie Houari Boum\u00e9di\u00e8ne.&nbsp;<\/p>\n\n\n\n<p>Le laboratoire de Caract\u00e9risation et de Diagnostic des \u00c9quipements de Puissance se fixe l\u2019objectif scientifique d&rsquo;aller du fondamental th\u00e9orique \u00e0 l&rsquo;application concr\u00e8te en se mettant au service d&rsquo;une recherche utile dont les travaux sont rapidement valorisables. Il s\u2019inscrit pleinement dans le plan de d\u00e9veloppement&nbsp; tr\u00e8s dynamique de l\u2019USTHB .<\/p>\n\n\n\n<p>Le laboratoire ne n\u00e9glige pas la confection de recommandations \u00e0 partir de ses travaux car elles contiennent souvent des informations pr\u00e9cieuses et utiles destin\u00e9es aussi bien aux grandes entreprises de technologie qu\u2019aux techniciens, \u00e9tudiants et scientifiques.<\/p>\n\n\n\n<p><\/p>\n","protected":false},"excerpt":{"rendered":"<p>Le laboratoire de Caract\u00e9risation et de Diagnostic des Equipements de Puissance a \u00e9t\u00e9 cr\u00e9e en Octobre 2018. Il est rattach\u00e9 \u00e0 l&rsquo;Universit\u00e9 des Sciences et de la Technologie Houari Boum\u00e9di\u00e8ne.&nbsp; Le laboratoire de Caract\u00e9risation et de Diagnostic des \u00c9quipements de <span class=\"readmore\"><a href=\"https:\/\/lcdep.usthb.dz\/index.php\/presentation\/\">Continue Reading<\/a><\/span><\/p>\n","protected":false},"author":1,"featured_media":0,"parent":0,"menu_order":0,"comment_status":"closed","ping_status":"closed","template":"","meta":{"footnotes":""},"class_list":["post-12","page","type-page","status-publish","hentry"],"_links":{"self":[{"href":"https:\/\/lcdep.usthb.dz\/index.php\/wp-json\/wp\/v2\/pages\/12","targetHints":{"allow":["GET"]}}],"collection":[{"href":"https:\/\/lcdep.usthb.dz\/index.php\/wp-json\/wp\/v2\/pages"}],"about":[{"href":"https:\/\/lcdep.usthb.dz\/index.php\/wp-json\/wp\/v2\/types\/page"}],"author":[{"embeddable":true,"href":"https:\/\/lcdep.usthb.dz\/index.php\/wp-json\/wp\/v2\/users\/1"}],"replies":[{"embeddable":true,"href":"https:\/\/lcdep.usthb.dz\/index.php\/wp-json\/wp\/v2\/comments?post=12"}],"version-history":[{"count":2,"href":"https:\/\/lcdep.usthb.dz\/index.php\/wp-json\/wp\/v2\/pages\/12\/revisions"}],"predecessor-version":[{"id":28,"href":"https:\/\/lcdep.usthb.dz\/index.php\/wp-json\/wp\/v2\/pages\/12\/revisions\/28"}],"wp:attachment":[{"href":"https:\/\/lcdep.usthb.dz\/index.php\/wp-json\/wp\/v2\/media?parent=12"}],"curies":[{"name":"wp","href":"https:\/\/api.w.org\/{rel}","templated":true}]}}